{"id":95,"date":"2015-08-07T20:44:28","date_gmt":"2015-08-07T20:44:28","guid":{"rendered":"https:\/\/www.kusd.edu\/frank-staging\/wordpress\/?page_id=95"},"modified":"2022-09-16T19:57:35","modified_gmt":"2022-09-16T19:57:35","slug":"faq","status":"publish","type":"page","link":"https:\/\/www.kusd.edu\/frank\/information\/faq\/","title":{"rendered":"Frequently Asked Questions"},"content":{"rendered":"<h2>Enrollment<\/h2>\n<p><strong><em>Who gets first choice?<\/em><\/strong><br \/>\nAny children living in the Frank Neighborhood boundaries and children of staff will get the first choice of spaces; <strong>no one<\/strong> living in Frank Neighborhood will be turned away.<\/p>\n<p><strong><em>What if I do not want to send my child to Frank or Wilson Elementary?<\/em><\/strong><br \/>\nIf the new calendar, uniforms, or instructional program is not something that you want your family to participate in next year, you may apply to any other KUSD school.\u00a0 If they have open spaces they will accept your transfer.\u00a0 You will have to provide your own transportation, KUSD will not be offering busing.<\/p>\n<p><strong><em>Once my child is enrolled will they keep the space?<\/em><\/strong><br \/>\nOnce a child is enrolled they will keep their space unless they move out of KUSD boundaries. Parents can choose at any time to go to their home school or can fill out the parent initiated transfer forms in January to attend another school.<\/p>\n<p><strong><em>Which schools will be participating?<\/em><\/strong><br \/>\nRight now Frank and Wilson Elementary are the only two schools that are adopting the calendar and Expeditionary Learning. Wilson already has a uniform.\u00a0 Other schools are very interested in our concept but have not decided to adopt it yet.<\/p>\n<h2>Uniforms<\/h2>\n<p><strong><em>Why should we have a uniform?<\/em><\/strong><br \/>\nSchool uniforms set the stage for equality (no one is judged by their clothes), are cost-effective (less clothes need to be bought, great prices, and donations are easy for us to get), and the student image is better (we look professional, set a positive tone for the environment, and people see students in uniform as smarter). In the parent survey, 89% of the parents approved a uniform.<\/p>\n<p><strong><em>What is the uniform?<\/em><\/strong><br \/>\nWe are proposing to use the school colors <strong>of red, white, and navy<\/strong>.\u00a0 All shirts must have a collar or turtle neck, no screen printing or decorations, and be red, white, or navy.\u00a0 Students may wear blue or beige pants, skirts, dresses, capris, or shorts below their finger tips.\u00a0 No flip flops!<\/p>\n<p><strong><em>Where can we buy them?<\/em><\/strong><br \/>\nThere has been some research on the uniform. Online Walmart and Target offer great deals! JC Penny, Old Navy, Kmart, Goodwill, Shopko, Walmart, Target all sell uniforms in the summer before school starts.\u00a0 The private schools are offering some hand me downs and we are also working with St. Vincent de Paul to get some start up uniforms.\u00a0 At the end of the school year we will offer a swap. Trade in your good condition uniforms and take someone else\u2019s good condition uniforms.<\/p>\n<p><strong><em>What if a child is out of uniform?<\/em><\/strong><br \/>\nStudents will first call home to see if a personal uniform can be brought for them.\u00a0 Second, they will go to the uniform room and change into a school borrowed uniform (these are washed between uses). At the end of the day the student will return and change back into their own clothing.\u00a0 All students that are in uniform Monday-Thursday will be allowed to come out of uniform (in KUSD approved dress) on Friday as an incentive.<\/p>\n<hr \/>\n<h2>Inscripci\u00f3n<\/h2>\n<p><strong><em>Quien tiene primera opci\u00f3n?<\/em><\/strong><em><br \/>\n<\/em>Cual quier ni\u00f1o que vive en el vecindario de Frank y ni\u00f1os del personal tendr\u00e1n la primera opci\u00f3n para los espacios; NADIE que viva en el vecindario ser\u00e1 rechazado.<\/p>\n<p><strong><em>Tengo que llenar forma de inscripci\u00f3n si ya vivo en la \u00e1rea\/vecindario de Frank?<\/em><\/strong><br \/>\nSi y la raz\u00f3n es: estamos ofreciendo espacio a otros estudiantes que viven fuera de nuestro vecindario. Si usted no llena la forma y se quiere quedar en Frank, puede causar problemas con falta de personal para los salones.<\/p>\n<p><strong><em>Que si mi hijo(a) no vive en el vecindario de Frank?<\/em><\/strong><br \/>\nFormas de inscripci\u00f3n ser\u00e1n disponibles en las conferencias y en nuestra oficina principal. Habr\u00e1 una loter\u00eda antes del 1er de Junio para todos los espacios que quedan. Si hay m\u00e1s pedidos que espacio, se empezara una lista de espera. Hermanos(as) ser\u00e1n puestos primeros en la lista.<\/p>\n<p><strong><em>Que tal si NO quiero que mi hijo(a) asista Frank o Wilson Elementary?<\/em><\/strong><br \/>\nSi el nuevo calendario, los uniformes, o el programa de instrucci\u00f3n no es algo que usted quiere que su familia participe en el pr\u00f3ximo a\u00f1o, usted puede aplicar cual quier otra escuela en el distrito. Si ellos tienen espacio abierto, ellos aceptaran su pedido de transferencia. Usted tendr\u00e1 que proveer su propia transportaci\u00f3n, el distrito ya no ofrecer\u00e1 autob\u00fas.<\/p>\n<p><strong><em>Una vez de mi hijo(a) hay esta inscrito, su espacio esta seguro?<br \/>\n<\/em><\/strong>Una vez que su hijo(a) esta inscrito, su espacio queda seguro a menos que se mueva fuera de los l\u00edmites del distrito. Los padres pueden el elegir ir a su escuela de vecindario o llenar un pedido de transferencia en Enero para asistir otra escuela.<\/p>\n<p><strong><em>Cuales escuelas estar\u00e1n participando?<\/em><\/strong><br \/>\nHasta ahora, Frank y Wilson Elementary son las \u00fanicas dos escuelas adoptando el nuevo calendario y aprendizaje de expedicionaria. Wilson ya tienen uniformes. Otras escuelas est\u00e1n muy interesadas en nuestro concepto pero no han decidido.<\/p>\n<h2>Uniformes<\/h2>\n<p><strong><em>Por que debemos tener uniformes?<br \/>\n<\/em><\/strong>Los uniformes escolares nos hace todos iguales (nadie es juzgado por la ropa), son efectivo en costo ( tiene que comprar menos ropa, mejores precios, y donaciones son f\u00e1cil para nosotros recibir), y el imagen del estudiante es mejor (nos vemos mas profesional, da un tono positivo hacia el ambiente, y gente ve estudiantes en uniformes mas inteligente). En el cuestionario de los padres, el 89% de los padres aprobaron el uniforme.<\/p>\n<p><strong><em>Que es el uniforme?<br \/>\n<\/em><\/strong>Estamos proponiendo usar los colores de la escuela que son rojo, blanco y azul marino. Las camisas ser\u00e1n de collar o cuello, sin dibujos o decoraciones y sera rojo, blanco o azul marino. Estudiantes usaran pantalones azul o beige, faldas, vestidos, pantalones de Capris or pantalones cortos bajo sus dedos. No podr\u00e1n usar sandalias abiertas.<\/p>\n<p><strong><em>En donde puedo comprarlos?<br \/>\n<\/em><\/strong>Ha habido cierta investigaci\u00f3n en los uniformes. Por el Internet, en la pagina de Walmart\u00a0 y Target, ha buenas ofertas (como el 2\/19\/11 hay paquetes de 3 camisas de collar que por $18 y pueden ser ordenados en otras tallas y blusas azul marino se venden a $8). Un padre me dijo que en la Family Dollar venden uniformes blancos y azul marino.<\/p>\n<p>Sears, Old Navy, Kmart, Goodwill, Shopko, Walmart, y Target venden uniformes durante el verano y antes que empieza la escuela.. Las escuelas privadas tambi\u00e9n est\u00e1n ofreciendo algunos uniformes y tambi\u00e9n estamos trabajando con St. Vincent de Paul para empezar. El fin del a\u00f1o escolar, cambiaremos uniformes que est\u00e1n en buena condici\u00f3n por otros.<\/p>\n<p><strong>Que si mi hij(a) no tiene uniformes?<br \/>\n<\/strong>Habr\u00e1 un comit\u00e9 trabajando para ayudar con cuestiones que resultan con los uniformes. Padres son invitados para juntarse al comit\u00e9 y pueden dejar saber con S\u00f1ra. Connolly, S\u00f1rta. Ann, S\u00f1ra. Stephanie.<\/p>\n","protected":false},"excerpt":{"rendered":"<p>Enrollment Who gets first choice? Any children living in the Frank Neighborhood boundaries and children of staff will get the first choice of spaces; no one living in Frank Neighborhood [&#8230;]\n","protected":false},"author":3,"featured_media":0,"parent":13243,"menu_order":3,"comment_status":"closed","ping_status":"closed","template":"","meta":{"_acf_changed":false,"inline_featured_image":false,"footnotes":""},"class_list":["post-95","page","type-page","status-publish","hentry"],"acf":[],"_links":{"self":[{"href":"https:\/\/www.kusd.edu\/frank\/wp-json\/wp\/v2\/pages\/95","targetHints":{"allow":["GET"]}}],"collection":[{"href":"https:\/\/www.kusd.edu\/frank\/wp-json\/wp\/v2\/pages"}],"about":[{"href":"https:\/\/www.kusd.edu\/frank\/wp-json\/wp\/v2\/types\/page"}],"author":[{"embeddable":true,"href":"https:\/\/www.kusd.edu\/frank\/wp-json\/wp\/v2\/users\/3"}],"replies":[{"embeddable":true,"href":"https:\/\/www.kusd.edu\/frank\/wp-json\/wp\/v2\/comments?post=95"}],"version-history":[{"count":4,"href":"https:\/\/www.kusd.edu\/frank\/wp-json\/wp\/v2\/pages\/95\/revisions"}],"predecessor-version":[{"id":13270,"href":"https:\/\/www.kusd.edu\/frank\/wp-json\/wp\/v2\/pages\/95\/revisions\/13270"}],"up":[{"embeddable":true,"href":"https:\/\/www.kusd.edu\/frank\/wp-json\/wp\/v2\/pages\/13243"}],"wp:attachment":[{"href":"https:\/\/www.kusd.edu\/frank\/wp-json\/wp\/v2\/media?parent=95"}],"curies":[{"name":"wp","href":"https:\/\/api.w.org\/{rel}","templated":true}]}}