{"id":16191,"date":"2024-11-20T13:58:04","date_gmt":"2024-11-20T19:58:04","guid":{"rendered":"https:\/\/www.kusd.edu\/eschool\/?page_id=16191"},"modified":"2025-09-23T12:44:42","modified_gmt":"2025-09-23T17:44:42","slug":"academic-probation-and-drop-spanish","status":"publish","type":"page","link":"https:\/\/www.kusd.edu\/eschool\/policy\/academic-probation-and-drop-spanish\/","title":{"rendered":"Academic Probation and Drop (Spanish)"},"content":{"rendered":"<h2 style=\"text-align: center\">Per\u00edodo de Prueba Acad\u00e9mico\u2014Estudiantes de Programa eSchool de Tiempo<br \/>\nCompleto<\/h2>\n<p>Los estudiantes cuya asistencia general y\/o desempe\u00f1o acad\u00e9mico no cumpla con los siguientes criterios acad\u00e9micos m\u00ednimos ser\u00e1n colocados en Probatoria Acad\u00e9mica y pueden ser retirados de Programa eSchool al final del per\u00edodo de calificaci\u00f3n m\u00e1s cercano.<\/p>\n<p>&nbsp;<\/p>\n<h3><u>Requisito m\u00ednimo de asistencia<\/u><\/h3>\n<p>(consulte la Pol\u00edtica de asistencia de Programa eSchool para obtener definiciones detalladas de asistencia)<\/p>\n<p>Los estudiantes no pueden exceder <strong>45<\/strong> ausencias, ausencias injustificadas o combinaci\u00f3n mismas durante el A\u00f1o Escolar Acad\u00e9mico sin justificaci\u00f3n m\u00e9dica. Consulte la pol\u00edtica de Programa Kenosha eSchool titulada&#8221;Pol\u00edtica de asistencia&#8221; para obtener m\u00e1s informaci\u00f3n.<\/p>\n<p>Los estudiantes que hayan cumplido o superado el n\u00famero m\u00e1ximo de d\u00edas de ausencia (sin justificaci\u00f3n m\u00e9dica) podr\u00e1n ser retirados de Programa eSchool, independientemente de su desempe\u00f1o en los cursos.<\/p>\n<p>&nbsp;<\/p>\n<h2 style=\"text-align: center\"><u>Y\/O<\/u><\/h2>\n<p>&nbsp;<\/p>\n<h2><u>Desempe\u00f1o acad\u00e9mico<\/u><\/h2>\n<p>Los estudiantes deben mostrar \u00e9xito y progreso en la <strong>mayor\u00eda<\/strong> de sus cursos de Programa eSchool durante el tiempo de inscripci\u00f3n.<\/p>\n<ul>\n<li><strong>Estudiantes de escuela primaria e intermedia &#8211;<\/strong> \u00e9xito se define como obtener una calificaci\u00f3n aprobatoria (al menos 60%) en el curso general.<\/li>\n<li><strong>Estudiantes de secundaria:<\/strong> el \u00e9xito se define como obtener una calificaci\u00f3n aprobatoria del 60 % en el examen final Y obtener al menos un 60 % en el trabajo del curso en general. Los estudiantes de secundaria deben aprobar el examen final con un 60% o m\u00e1s. La reprobaci\u00f3n de un examen final resultar\u00e1 en la reprobaci\u00f3n del curso, independientemente de la calificaci\u00f3n general.<\/li>\n<\/ul>\n<table class=\"aligncenter\" style=\"width: 65.0308%;border-color: #4f5052;border-style: solid\" border=\"2\">\n<tbody>\n<tr style=\"border-style: solid;border-color: #4f5052\">\n<td style=\"width: 666px;text-align: center;vertical-align: middle;height: 21px\"><strong><u>N\u00famero de clases tomadas por trimestre\/a\u00f1o<\/u><\/strong><\/td>\n<td style=\"width: 666px;text-align: center;vertical-align: middle;height: 21px\"><strong><u>Debe demostrar \u00e9xito en<\/u><\/strong><\/td>\n<\/tr>\n<tr style=\"border-style: solid;border-color: #4f5052\">\n<td style=\"width: 666px;text-align: center;vertical-align: middle;height: 21px\">2<\/td>\n<td style=\"width: 666px;text-align: center;vertical-align: middle;height: 21px\">1 de 2 clases<\/td>\n<\/tr>\n<tr style=\"border-style: solid;border-color: #4f5052\">\n<td style=\"width: 666px;text-align: center;vertical-align: middle;height: 21px\">3<\/td>\n<td style=\"width: 666px;border-style: solid;border-color: #4f5052;text-align: center;vertical-align: middle;height: 21px\">2 de 3 clases<\/td>\n<\/tr>\n<tr style=\"border-style: solid;border-color: #4f5052\">\n<td style=\"width: 666px;text-align: center;vertical-align: middle;height: 21px\">4<\/td>\n<td style=\"width: 666px;text-align: center;vertical-align: middle;height: 21px\">3 de 4 clases<\/td>\n<\/tr>\n<tr style=\"border-style: solid;border-color: #4f5052\">\n<td style=\"width: 666px;text-align: center;vertical-align: middle;height: 21px\">5<\/td>\n<td style=\"width: 666px;text-align: center;vertical-align: middle;height: 21px\">3 de 5 clases<\/td>\n<\/tr>\n<tr style=\"border-style: solid;border-color: #4f5052\">\n<td style=\"width: 666px;text-align: center;vertical-align: middle;height: 21px\">6<\/td>\n<td style=\"width: 666px;text-align: center;vertical-align: middle;height: 21px\">4 de 6 clases<\/td>\n<\/tr>\n<tr style=\"border-style: solid;border-color: #4f5052\">\n<td style=\"width: 666px;text-align: center;vertical-align: middle;height: 21px\">7<\/td>\n<td style=\"width: 666px;text-align: center;vertical-align: middle;height: 21px\">4 de 7 clases<\/td>\n<\/tr>\n<tr style=\"border-style: solid;border-color: #4f5052\">\n<td style=\"width: 666px;text-align: center;vertical-align: middle;height: 21px\">8<\/td>\n<td style=\"width: 666px;text-align: center;vertical-align: middle;height: 21px\">5 de 8 clases<\/td>\n<\/tr>\n<tr style=\"border-style: solid;border-color: #4f5052\">\n<td style=\"width: 666px;text-align: center;vertical-align: middle;height: 21px\">9<\/td>\n<td style=\"width: 666px;text-align: center;vertical-align: middle;height: 21px\">5 de 9 clases<\/td>\n<\/tr>\n<tr style=\"border-style: solid;border-color: #4f5052\">\n<td style=\"width: 666px;text-align: center;vertical-align: middle;height: 21px\">10<\/td>\n<td style=\"width: 666px;text-align: center;vertical-align: middle;height: 21px\">6 de 10 clases<\/td>\n<\/tr>\n<tr style=\"border-style: solid;border-color: #4f5052\">\n<td style=\"width: 666px;text-align: center;vertical-align: middle;height: 21px\">11<\/td>\n<td style=\"width: 666px;text-align: center;vertical-align: middle;height: 21px\">6 de 11 clases<\/td>\n<\/tr>\n<tr style=\"border-style: solid;border-color: #4f5052\">\n<td style=\"width: 666px;text-align: center;vertical-align: middle;height: 19px\">12<\/td>\n<td style=\"width: 666px;text-align: center;vertical-align: middle;height: 19px\">7 de 12 clases<\/td>\n<\/tr>\n<tr style=\"border-style: solid;border-color: #4f5052\">\n<td style=\"width: 666px;text-align: center;vertical-align: middle;height: 21px\">13<\/td>\n<td style=\"width: 666px;text-align: center;vertical-align: middle;height: 21px\">7 de 13 clases<\/td>\n<\/tr>\n<tr style=\"border-style: solid;border-color: #4f5052\">\n<td style=\"width: 666px;text-align: center;vertical-align: middle;height: 21px\">14<\/td>\n<td style=\"width: 666px;border-style: solid;text-align: center;vertical-align: middle;height: 21px\">8 de 14 clases<\/td>\n<\/tr>\n<tr style=\"border-style: solid;border-color: #4f5052\">\n<td style=\"width: 666px;text-align: center;vertical-align: middle;height: 21px\">15<\/td>\n<td style=\"width: 666px;text-align: center;vertical-align: middle;height: 21px\">8 de 15 clases<\/td>\n<\/tr>\n<tr style=\"border-style: solid;border-color: #4f5052\">\n<td style=\"width: 666px;text-align: center;vertical-align: middle;height: 10px\">16<\/td>\n<td style=\"width: 666px;text-align: center;vertical-align: middle;height: 10px\">9 de 16 clases<\/td>\n<\/tr>\n<\/tbody>\n<\/table>\n<h2>Pasos para el retiro de Programa eSchool:<\/h2>\n<ol>\n<li>Estudiantes y padres\/tutores (designado en la cuenta de Programa eSchool del estudiante) recibir\u00e1 informes de progreso cada dos semanas por correo electr\u00f3nico para indicar c\u00f3mo se est\u00e1 desempe\u00f1ando el estudiante en sus cursos. Los estudiantes y los padres\/tutores son responsables de mantener actualizada toda la informaci\u00f3n de contacto, incluida la direcci\u00f3n de correo electr\u00f3nico activa.<\/li>\n<li>Los estudiantes que hayan cumplido o excedido el n\u00famero m\u00e1ximo de d\u00edas de ausencia (sin justificaci\u00f3n m\u00e9dica) y\/o los estudiantes que no hayan tenido \u00e9xito en la mayor\u00eda de sus cursos ser\u00e1n colocados en la lista de Probatoria Acad\u00e9mica.<\/li>\n<li>Se notificar\u00e1 a los estudiantes en la lista de prueba acad\u00e9mica que deben regresar a las escuelas de su zona al final del per\u00edodo de calificaci\u00f3n m\u00e1s cercano. Las escuelas vecinas tambi\u00e9n ser\u00e1n notificadas para que esperen a los estudiantes al comienzo del pr\u00f3ximo per\u00edodo de calificaci\u00f3n.<\/li>\n<li>Durante el per\u00edodo de Prueba Acad\u00e9mica, los estudiantes pueden estar inscritos en varias escuelas en las escuelas de su zona y modificar sus horarios para permitirles la oportunidad de completar con \u00e9xito algunos de sus cursos para la fecha de salida. Por ejemplo, los estudiantes pueden ser enviados a solo uno o dos cursos mientras hacen la transici\u00f3n a la escuela de su zona.<\/li>\n<\/ol>\n<p><a href=\"https:\/\/www.kusd.edu\/eschool\/wp-content\/uploads\/sites\/39\/2025\/09\/Academic-Probation-and-Drop-Policy-Spanish-092325.pdf\" target=\"_blank\" rel=\"noopener\">&gt;Libertad condicional acad\u00e9mica imprimible y soltar PDF<\/a><\/p>\n","protected":false},"excerpt":{"rendered":"<p>Per\u00edodo de Prueba Acad\u00e9mico\u2014Estudiantes de Programa eSchool de Tiempo Completo Los estudiantes cuya asistencia general y\/o desempe\u00f1o acad\u00e9mico no cumpla con los siguientes criterios acad\u00e9micos m\u00ednimos ser\u00e1n colocados en Probatoria [&#8230;]\n","protected":false},"author":7927,"featured_media":0,"parent":931,"menu_order":5,"comment_status":"closed","ping_status":"closed","template":"","meta":{"_acf_changed":false,"inline_featured_image":false,"footnotes":""},"class_list":["post-16191","page","type-page","status-publish","hentry"],"acf":[],"_links":{"self":[{"href":"https:\/\/www.kusd.edu\/eschool\/wp-json\/wp\/v2\/pages\/16191","targetHints":{"allow":["GET"]}}],"collection":[{"href":"https:\/\/www.kusd.edu\/eschool\/wp-json\/wp\/v2\/pages"}],"about":[{"href":"https:\/\/www.kusd.edu\/eschool\/wp-json\/wp\/v2\/types\/page"}],"author":[{"embeddable":true,"href":"https:\/\/www.kusd.edu\/eschool\/wp-json\/wp\/v2\/users\/7927"}],"replies":[{"embeddable":true,"href":"https:\/\/www.kusd.edu\/eschool\/wp-json\/wp\/v2\/comments?post=16191"}],"version-history":[{"count":4,"href":"https:\/\/www.kusd.edu\/eschool\/wp-json\/wp\/v2\/pages\/16191\/revisions"}],"predecessor-version":[{"id":16194,"href":"https:\/\/www.kusd.edu\/eschool\/wp-json\/wp\/v2\/pages\/16191\/revisions\/16194"}],"up":[{"embeddable":true,"href":"https:\/\/www.kusd.edu\/eschool\/wp-json\/wp\/v2\/pages\/931"}],"wp:attachment":[{"href":"https:\/\/www.kusd.edu\/eschool\/wp-json\/wp\/v2\/media?parent=16191"}],"curies":[{"name":"wp","href":"https:\/\/api.w.org\/{rel}","templated":true}]}}