{"id":16066,"date":"2024-10-22T14:39:33","date_gmt":"2024-10-22T19:39:33","guid":{"rendered":"https:\/\/www.kusd.edu\/eschool\/?page_id=16066"},"modified":"2025-09-25T13:20:25","modified_gmt":"2025-09-25T18:20:25","slug":"attendance-policy-spanish","status":"publish","type":"page","link":"https:\/\/www.kusd.edu\/eschool\/policy\/attendance-policy-spanish\/","title":{"rendered":"Attendance Policy (Spanish)"},"content":{"rendered":"<p><strong><u>Cursos\/per\u00edodos asincr\u00f3nicos:<\/u><\/strong> : los cursos\/per\u00edodos asincr\u00f3nicos son aquellos en los que los estudiantes trabajan de forma independiente a trav\u00e9s de su trabajo de curso. Se toma asistencia semanalmente. La semana de asistencia va desde <strong>las 12:01 am del lunes hasta las 11:59 pm del domingo.<\/strong> Se asume que los estudiantes est\u00e1n presentes durante todos los d\u00edas escolares (de lunes a viernes) a menos que no se haya presentado ninguna asincr\u00f3nica durante la semana de asistencia.<\/p>\n<p>Si no <strong><u>hay<\/u><\/strong> env\u00edos exitosos (hasta las 11:59 p. m. del domingo), el estudiante ser\u00e1 marcado retroactivamente como ausente. La ausencia no cambiar\u00eda incluso si las asignaciones que faltan se env\u00edan en una fecha posterior.<\/p>\n<p><strong><u>Resumen de asistencia as\u00edncrona<\/u><\/strong><\/p>\n<ul>\n<li>las 12:01 am del lunes hasta las 11:59 pmdel domingo.<\/li>\n<li>Los estudiantes deben presentar con \u00e9xito al menos una tarea cada semanapara ser considerados presentes para prop\u00f3sitos de asistencia.<\/li>\n<li>Las evaluaciones fuera de secuencia con fechas de vencimiento futuras no se contar\u00e1n como una presentaci\u00f3n exitosa para fines de asistencia. Los estudiantes pueden trabajar a un ritmo m\u00e1s r\u00e1pido, pero deben hacerlo en secuencia<\/li>\n<li>Si un estudiante ha trabajado por delante del ritmo y no tiene tareas faltantes o pendientes durante la semana de asistencia, \u00e9l o ella <strong><u>no<\/u><\/strong> se marcar\u00e1n como ausentes si no se ha entregado ninguna tarea.<\/li>\n<\/ul>\n<p><strong><u>Curso\/per\u00edodos sincr\u00f3nicos:<\/u><\/strong> : Los cursos sincr\u00f3nicos se definen como aquellos cursos que se reunieron en persona o virtualmente durante un tiempo predeterminado. Todos los cursos que requieren asistencia sincr\u00f3nica se adherir\u00e1n a la Pol\u00edtica 5430 de KUSD. Adem\u00e1s, eSchool define &#8220;tardanza&#8221; cuando un estudiante llega m\u00e1s tarde de la hora de inicio del curso, pero no m\u00e1s tarde de una cuarta parte del tiempo total del curso. Ejemplo: Para un curso de una hora, el estudiante asiste a m\u00e1s tardar 15 minutos en el curso. Los estudiantes que lleguen m\u00e1s de un cuarto de retraso a un curso ser\u00e1n considerados ausentes. Los estudiantes que abandonen un curso antes de tiempo (sin el consentimiento previo del maestro\/administrador) ser\u00e1n marcados como ausentes. Para garantizar que los estudiantes est\u00e9n presentes, comprometidos y seguros, se espera que los estudiantes tengan sus c\u00e1maras encendidas durante la instrucci\u00f3n en l\u00ednea sincr\u00f3nica. Se pueden encontrar m\u00e1s expectativas de asistencia para la instrucci\u00f3n sincr\u00f3nica haciendo referencia a la pol\u00edtica 5410 de KUSD que se encuentra aqu\u00ed: <a href=\"https:\/\/www.kusd.edu\/board-education\/policies\/policy-5310-student-attendance\/\" target=\"_blank\" rel=\"noopener\">https:\/\/www.kusd.edu\/board-education\/policies\/policy-5310-student-attendance\/<\/a><\/p>\n<p><strong><u>Curso\/per\u00edodos combinados:<\/u><\/strong> los cursos\/per\u00edodos combinados se definen como cursos que implementan instrucci\u00f3n sincr\u00f3nica y asincr\u00f3nica. La asistencia a los cursos combinados se adherir\u00e1 a las pautas de asistencia sincr\u00f3nica y asincr\u00f3nica de eSchool. Para aquellos cursos\/per\u00edodos que son sincr\u00f3nicos, los estudiantes deben cumplir con las expectativas sincr\u00f3nicas de eSchool mencionadas anteriormente. Para aquellos cursos\/per\u00edodos que son asincr\u00f3nicos, los estudiantes deben cumplir con las expectativas asincr\u00f3nicas enumeradas anteriormente.<\/p>\n<p>Los estudiantes que muestren ausencias excesivas\/ausencias injustificadas pueden salir del programa seg\u00fan la pol\u00edtica de Kenosha eSchool titulada &#8220;Probatoria acad\u00e9mica&#8221;.<\/p>\n<p><a href=\"https:\/\/www.kusd.edu\/eschool\/wp-content\/uploads\/sites\/39\/2025\/09\/Attendance-Policy-Spanish-092525.pdf\" target=\"_blank\" rel=\"noopener\">Pol\u00edtica de Asistencia imprimible en PDF<\/a><\/p>\n","protected":false},"excerpt":{"rendered":"<p>Cursos\/per\u00edodos asincr\u00f3nicos: : los cursos\/per\u00edodos asincr\u00f3nicos son aquellos en los que los estudiantes trabajan de forma independiente a trav\u00e9s de su trabajo de curso. Se toma asistencia semanalmente. La semana [&#8230;]\n","protected":false},"author":7927,"featured_media":0,"parent":931,"menu_order":14,"comment_status":"closed","ping_status":"closed","template":"","meta":{"_acf_changed":false,"inline_featured_image":false,"footnotes":""},"class_list":["post-16066","page","type-page","status-publish","hentry"],"acf":[],"_links":{"self":[{"href":"https:\/\/www.kusd.edu\/eschool\/wp-json\/wp\/v2\/pages\/16066","targetHints":{"allow":["GET"]}}],"collection":[{"href":"https:\/\/www.kusd.edu\/eschool\/wp-json\/wp\/v2\/pages"}],"about":[{"href":"https:\/\/www.kusd.edu\/eschool\/wp-json\/wp\/v2\/types\/page"}],"author":[{"embeddable":true,"href":"https:\/\/www.kusd.edu\/eschool\/wp-json\/wp\/v2\/users\/7927"}],"replies":[{"embeddable":true,"href":"https:\/\/www.kusd.edu\/eschool\/wp-json\/wp\/v2\/comments?post=16066"}],"version-history":[{"count":5,"href":"https:\/\/www.kusd.edu\/eschool\/wp-json\/wp\/v2\/pages\/16066\/revisions"}],"predecessor-version":[{"id":17242,"href":"https:\/\/www.kusd.edu\/eschool\/wp-json\/wp\/v2\/pages\/16066\/revisions\/17242"}],"up":[{"embeddable":true,"href":"https:\/\/www.kusd.edu\/eschool\/wp-json\/wp\/v2\/pages\/931"}],"wp:attachment":[{"href":"https:\/\/www.kusd.edu\/eschool\/wp-json\/wp\/v2\/media?parent=16066"}],"curies":[{"name":"wp","href":"https:\/\/api.w.org\/{rel}","templated":true}]}}