{"id":171,"date":"2018-10-05T19:11:46","date_gmt":"2018-10-05T19:11:07","guid":{"rendered":"https:\/\/www.kusd.edu\/bullen-staging-new\/?page_id=171"},"modified":"2025-06-08T14:47:17","modified_gmt":"2025-06-08T19:47:17","slug":"newsletters","status":"publish","type":"page","link":"https:\/\/www.kusd.edu\/bullen\/parents\/newsletters\/","title":{"rendered":"Parent Newsletters"},"content":{"rendered":"<h3><b>4th Quarter 4.2.25 &#8211; 6.13.25<\/b><\/h3>\n<p>June 9, 2025 &#8211; <span style=\"font-weight: 400\"><a href=\"https:\/\/docs.google.com\/document\/d\/18JlGEx3fSxDFbS4DcVai09KluZWKLbI5ocTf4NT7ong\/edit?usp=sharing\" target=\"_blank\" rel=\"noopener\">English<\/a> | <a href=\"https:\/\/docs.google.com\/document\/d\/15BrO_voflk4cSSPBoh2u6Lpb8wzv0ETZ5gFxdtmi4yo\/edit?usp=sharing\" target=\"_blank\" rel=\"noopener\">Espa\u00f1ol<\/a><\/span><\/p>\n<p>June 2, 2025 &#8211; <span style=\"font-weight: 400\"><a href=\"https:\/\/docs.google.com\/document\/d\/1jPPHYdmkPe2RpyV1yA7veQ7WNJBc06rPHqV2VRdMkCk\/edit?usp=sharing\" target=\"_blank\" rel=\"noopener\">English<\/a> | <a href=\"https:\/\/docs.google.com\/document\/d\/10zmqobK6ptP0UFmxnlWJvm9BQlSnisoq9XXrXDtU4n0\/edit?usp=sharing\" target=\"_blank\" rel=\"noopener\">Espa\u00f1ol<\/a><\/span><\/p>\n<p>May 27, 2025 &#8211; <span style=\"font-weight: 400\"><a href=\"https:\/\/docs.google.com\/document\/d\/1r-k22udj3g80uPlnpV1U6Ew_YLhwwnPX-faqXCkTIyc\/edit?usp=sharing\" target=\"_blank\" rel=\"noopener\">English<\/a> | <a href=\"https:\/\/docs.google.com\/document\/d\/1kmi4utHkdMIPN0fM-cyTCnguqASgnWVWG6wRJB6vJ-w\/edit?usp=sharing\" target=\"_blank\" rel=\"noopener\">Espa\u00f1ol<\/a><\/span><\/p>\n<p>May 19, 2025 &#8211; <span style=\"font-weight: 400\"><a href=\"https:\/\/docs.google.com\/document\/d\/17fNlALwysAGhw_v-g6HSRAmaAsomnq3DPwRDyYc9ElI\/edit?usp=sharing\" target=\"_blank\" rel=\"noopener\">English<\/a> | <a href=\"https:\/\/docs.google.com\/document\/d\/1nht9G2WJHRfoW6QKuGuVBEk_vTsbrp-ev4WHoTp4Law\/edit?usp=sharing\" target=\"_blank\" rel=\"noopener\">Espa\u00f1ol<\/a><\/span><\/p>\n<p>May 12, 2025 &#8211; <span style=\"font-weight: 400\"><a href=\"https:\/\/docs.google.com\/document\/d\/1BYqzH2-F10GPlCVAwrRTxUBLiZ9dykmleJFrxGvpWbc\/edit?usp=sharing\" target=\"_blank\" rel=\"noopener\">English<\/a> | <a href=\"https:\/\/docs.google.com\/document\/d\/1xprL6ibhtowkqj838kYo6bv-6uab1xSOvRKeYxfApLg\/edit?usp=sharing\" target=\"_blank\" rel=\"noopener\">Espa\u00f1ol<\/a><\/span><\/p>\n<p>May 5, 2025 &#8211; <span style=\"font-weight: 400\"><a href=\"https:\/\/docs.google.com\/document\/d\/1ADSCdg4tYHOr9SgZ1lIeBEpFj3N904NtWUwYh0L8xeg\/edit?usp=sharing\" target=\"_blank\" rel=\"noopener\">English<\/a> | <a href=\"https:\/\/docs.google.com\/document\/d\/1EH1xmGlCEALzWlCtC-fuilfuOFHEmQ8SufH1ydnTXzc\/edit?usp=sharing\" target=\"_blank\" rel=\"noopener\">Espa\u00f1ol<\/a><\/span><\/p>\n<p>April 28, 2025 &#8211; <span style=\"font-weight: 400\"><a href=\"https:\/\/docs.google.com\/document\/d\/1LaCOxr_Le2VpDTKEzwuhL7qz5bwTdfg_HYGoyYH1m1Q\/edit?usp=sharing\" target=\"_blank\" rel=\"noopener\">English<\/a> | <a href=\"https:\/\/docs.google.com\/document\/d\/1gpgCB6kVHMLc3-2-o2J79jvjX2MzwWjbUDF-ijGNQFA\/edit?usp=sharing\" target=\"_blank\" rel=\"noopener\">Espa\u00f1ol<\/a><\/span><\/p>\n<p><span style=\"font-weight: 400\">April 21, 2025 &#8211; Spring Break<\/span><\/p>\n<p>April 14, 2025 &#8211; <span style=\"font-weight: 400\"><a href=\"https:\/\/docs.google.com\/document\/d\/1Mj6ENI48PVIu_bHnXqYRpza1-n2flBt95imhHGNZMDI\/edit?usp=sharing\" target=\"_blank\" rel=\"noopener\">English<\/a> | <a href=\"https:\/\/docs.google.com\/document\/d\/1YjuLNoVoViONcYNlSRytZR9SdN1Vii4X-uTtq0WwGA0\/edit?usp=sharing\" target=\"_blank\" rel=\"noopener\">Espa\u00f1ol<\/a><\/span><\/p>\n<p>April 7, 2025 &#8211; <span style=\"font-weight: 400\"><a href=\"https:\/\/docs.google.com\/document\/d\/1CHgdV0xHzClGc-7jKI_70GUX1HDhlcxfK65AW-PWmFA\/edit?usp=sharing\" target=\"_blank\" rel=\"noopener\">English<\/a> | <a href=\"https:\/\/docs.google.com\/document\/d\/1nfkK706Pkf_LzCnbdgZEB-kosEoXpSe4r50xakK44c4\/edit?usp=sharing\" target=\"_blank\" rel=\"noopener\">Espa\u00f1ol<\/a><\/span><\/p>\n<p>&nbsp;<\/p>\n<h3><b>3rd Quarter 1.27.25 &#8211; 4.1.25<\/b><\/h3>\n<p>March 31, 2025 &#8211; <span style=\"font-weight: 400\"><a href=\"https:\/\/docs.google.com\/document\/d\/1aGlyKz-_tZvaPU4cbFPEP6da5MaE3l5ka-0Lle42iDs\/edit?usp=sharing\" target=\"_blank\" rel=\"noopener\">English<\/a> | <a href=\"https:\/\/docs.google.com\/document\/d\/1gDQWedBmthPwwfcOTv5ohQFhGaUur1ccre-2JrhYHRs\/edit?usp=sharing\" target=\"_blank\" rel=\"noopener\">Espa\u00f1ol<\/a><\/span><\/p>\n<p>March 24, 2025 &#8211; <span style=\"font-weight: 400\"><a href=\"https:\/\/docs.google.com\/document\/d\/1ryt2M81Ynu7d3C1fJPiP4FMB9gd5VJsvV_0q4PZKDrk\/edit?usp=sharing\" target=\"_blank\" rel=\"noopener\">English<\/a> | <a href=\"https:\/\/docs.google.com\/document\/d\/1lB8YYytUQXlNbc4RHc0gYjnPQt8UEXN5qCKtlrNXDuo\/edit?usp=sharing\" target=\"_blank\" rel=\"noopener\">Espa\u00f1ol<\/a><\/span><\/p>\n<p>March 17, 2025 &#8211; <span style=\"font-weight: 400\"><a href=\"https:\/\/docs.google.com\/document\/d\/1GAgBogtpH9W1mRwVWVLaCV4L7XYHSRT9aMsp6K08T-M\/edit?usp=sharing\" target=\"_blank\" rel=\"noopener\">English<\/a> | <a href=\"https:\/\/docs.google.com\/document\/d\/1Cx_GQ0aaekHDkSVfQdKM77DRV8R-T-JRB3UQkLbK6c0\/edit?usp=sharing\" target=\"_blank\" rel=\"noopener\">Espa\u00f1ol<\/a><\/span><\/p>\n<p>March 10, 2025 &#8211; <span style=\"font-weight: 400\"><a href=\"https:\/\/docs.google.com\/document\/d\/1WtidP0O2QQeUS48stFTCz2i-W51VOP1o6ImdxGfYnBI\/edit?usp=sharing\" target=\"_blank\" rel=\"noopener\">English<\/a> | <a href=\"https:\/\/docs.google.com\/document\/d\/1vwZHRgjkmBgP8wSXSXJU4Nlwbi_gvTY-qvfAPZSBx-8\/edit?usp=sharing\" target=\"_blank\" rel=\"noopener\">Espa\u00f1ol<\/a><\/span><\/p>\n<p>March 3, 2025 &#8211; <span style=\"font-weight: 400\"><a href=\"https:\/\/docs.google.com\/document\/d\/1n00P3jvfWjyKt6CFdxXFf4XdR5eTA7QvZA64i-PtRzM\/edit?usp=sharing\" target=\"_blank\" rel=\"noopener\">English<\/a> | <a href=\"https:\/\/docs.google.com\/document\/d\/1w91lnXaTv2ftKdvkOroCMEYrpg2JlRCP7C3T4ptqtWI\/edit?usp=sharing\" target=\"_blank\" rel=\"noopener\">Espa\u00f1ol<\/a><\/span><\/p>\n<p>February 24, 2025 &#8211; <span style=\"font-weight: 400\"><a href=\"https:\/\/docs.google.com\/document\/d\/1n00P3jvfWjyKt6CFdxXFf4XdR5eTA7QvZA64i-PtRzM\/edit?usp=sharing\" target=\"_blank\" rel=\"noopener\">English<\/a> | <a href=\"https:\/\/docs.google.com\/document\/d\/1BEkKjwqd5n66nq321F7LTdvTDLzjpE3NMbvimOmFFDM\/edit?usp=sharing\" target=\"_blank\" rel=\"noopener\">Espa\u00f1ol<\/a><\/span><\/p>\n<p>February 17, 2025 &#8211; <span style=\"font-weight: 400\"><a href=\"https:\/\/docs.google.com\/document\/d\/1mE2Cusl99P7zgcJZunY0F1ai_gRKN4AQbP-dL8ZTlW4\/edit?usp=sharing\" target=\"_blank\" rel=\"noopener\">English<\/a> | <a href=\"https:\/\/docs.google.com\/document\/d\/1yuiTXgxnZndSIfyTxxmWcsdXrgWcDyzpQa_vNeVcC2k\/edit?usp=sharing\" target=\"_blank\" rel=\"noopener\">Espa\u00f1ol<\/a><\/span><\/p>\n<p>February 10, 2025 &#8211; <span style=\"font-weight: 400\"><a href=\"https:\/\/docs.google.com\/document\/d\/11T1iXxF5VAf6S0ScnklSpfD2klYuICFKTDfepIxvaew\/edit?usp=sharing\" target=\"_blank\" rel=\"noopener\">English<\/a> | <a href=\"https:\/\/docs.google.com\/document\/d\/1IAZbY71AeNbEK7er4-dAfXNXQAwk3QZuJzbQmtUaw4A\/edit?usp=sharing\" target=\"_blank\" rel=\"noopener\">Espa\u00f1ol<\/a><\/span><\/p>\n<p>February 3, 2025 &#8211; <span style=\"font-weight: 400\"><a href=\"https:\/\/docs.google.com\/document\/d\/1yyIil9NNjX-FZeC6HOqfx6mbdt3tjHca3-A9Lb-PkBQ\/edit?usp=sharing\" target=\"_blank\" rel=\"noopener\">English<\/a> | <a href=\"https:\/\/docs.google.com\/document\/d\/1FtMUfcbZ8L59O53cB-hdraFkGGql30bJapj6jTn7ens\/edit?usp=sharing\" target=\"_blank\" rel=\"noopener\">Espa\u00f1ol<\/a><\/span><\/p>\n<p>January 27, 2025 &#8211; <span style=\"font-weight: 400\"><a href=\"https:\/\/docs.google.com\/document\/d\/13qV26rmMpk3kOBO5qBdgGECqNkg5Rh8-604cqoQ9r80\/edit?usp=sharing\" target=\"_blank\" rel=\"noopener\">English<\/a> | <a href=\"https:\/\/docs.google.com\/document\/d\/14KqqLSW_0Q_YO8K0lP7WuhvFfoVxawf5n-9WUHqKxvE\/edit?usp=sharing\" target=\"_blank\" rel=\"noopener\">Espa\u00f1ol<\/a><\/span><\/p>\n<p>&nbsp;<\/p>\n<h3><b>2nd Quarter 11.5.24 &#8211; 1.23.25<\/b><\/h3>\n<p>January 21, 2025 &#8211; <span style=\"font-weight: 400\"><a href=\"https:\/\/docs.google.com\/document\/d\/1ZhKcwuefYnv98CaR0BNCpUqzCoK4c33YaNc3MGUKYdY\/edit?usp=sharing\" target=\"_blank\" rel=\"noopener\">English<\/a> | <a href=\"https:\/\/docs.google.com\/document\/d\/10wJmE-aPNHP5snOVceWF-JxIdn-rreB4eS_wMDIhaLc\/edit?usp=sharing\" target=\"_blank\" rel=\"noopener\">Espa\u00f1ol<\/a><\/span><\/p>\n<p>January 13, 2025 &#8211; <span style=\"font-weight: 400\"><a href=\"https:\/\/docs.google.com\/document\/d\/1IaSpZBEhAnIcIDKf7aEHZz2Hh-6oWqb_RyYA4VnL1Co\/edit?usp=sharing\" target=\"_blank\" rel=\"noopener\">English<\/a> | <a href=\"https:\/\/docs.google.com\/document\/d\/1phei6mcT8Z3-sD6rhqr-zp2wEVtizn4KphzcSllBSDk\/edit?usp=sharing\" target=\"_blank\" rel=\"noopener\">Espa\u00f1ol<\/a><\/span><\/p>\n<p>January 6, 2025 &#8211; <span style=\"font-weight: 400\"><a href=\"https:\/\/docs.google.com\/document\/d\/1egJDXHcuNPY8eslZWRvBML104DQJvU9E3iE5ibc3sYU\/edit?tab=t.0\" target=\"_blank\" rel=\"noopener\">English<\/a> | <a href=\"https:\/\/docs.google.com\/document\/d\/1Minx4ltJOTSn5u5su_Gm2DwPI9gjecNVh0QGQmBF_Z8\/edit?tab=t.0\" target=\"_blank\" rel=\"noopener\">Espa\u00f1ol<\/a><\/span><\/p>\n<p><span style=\"font-weight: 400\">December 23 &amp; 30, 2024 &#8211; Winter Break &#8211; Happy Holidays!<\/span><\/p>\n<p><span style=\"font-weight: 400\">December 16, 2024 &#8211; <a href=\"https:\/\/docs.google.com\/document\/d\/1j1EYP5cp7yyVeYGXj5MtURTCXvhSzGuYw5JLrJ4oO6U\/edit?usp=sharing\" target=\"_blank\" rel=\"noopener\">English<\/a> | <a href=\"https:\/\/docs.google.com\/document\/d\/1oRBKRYhCnF_Vbpw0bqCo59bWLXC9mVfFqwLfhNJ4BNU\/edit?usp=sharing\" target=\"_blank\" rel=\"noopener\">Espa\u00f1ol<\/a><\/span><\/p>\n<p><span style=\"font-weight: 400\">December 9, 2024 &#8211; <a href=\"https:\/\/docs.google.com\/document\/d\/11DQay03iYlIvuzBjlbPVgkz7v0Br4yguQoU53zPgZ3I\/edit?usp=sharing\" target=\"_blank\" rel=\"noopener\">English<\/a> | <a href=\"https:\/\/docs.google.com\/document\/d\/1xo9nQDe_MWEDPLFsUpg6qiLc_ej3dxEcxioSg_KHE8Y\/edit?usp=sharing\" target=\"_blank\" rel=\"noopener\">Espa\u00f1ol<\/a><\/span><\/p>\n<p><span style=\"font-weight: 400\">November 25 and December 2, 2024 &#8211; <a href=\"https:\/\/docs.google.com\/document\/d\/1XqosmGfdxx6_wemvClBv6sho4hSytPlTNuuZOlWUyVs\/edit?usp=sharing\" target=\"_blank\" rel=\"noopener\">English<\/a> | <a href=\"https:\/\/docs.google.com\/document\/d\/1rr4UXUUUVt3XN_T-q1DoTIZ3eLdkAVQaJZMzaMyjiGY\/edit?usp=sharing\" target=\"_blank\" rel=\"noopener\">Espa\u00f1ol<\/a><\/span><\/p>\n<p><span style=\"font-weight: 400\">November 18, 2024 &#8211; <a href=\"https:\/\/docs.google.com\/document\/d\/16JqzU1SygGjrFcLOsNCY_tJLB3dFwc8S2gsA8oliUl4\/edit?usp=sharing\" target=\"_blank\" rel=\"noopener\">English<\/a> | <a href=\"https:\/\/docs.google.com\/document\/d\/1xLFW8IP3pon4EBiKELMQVAEBTluLaUfW6_LG6rs62Jo\/edit?usp=sharing\" target=\"_blank\" rel=\"noopener\">Espa\u00f1ol<\/a><\/span><\/p>\n<p><span style=\"font-weight: 400\">November 11, 2024 &#8211; <a href=\"https:\/\/docs.google.com\/document\/d\/1R2Iuen6mMBRVmybKo2tQ_EMWz_Be59Rlyp7etgx6EW0\/edit?usp=sharing\" target=\"_blank\" rel=\"noopener\">English<\/a> | <a href=\"https:\/\/docs.google.com\/document\/d\/1qsgWp-_oftBTF_wUtfXr1OYB-frP_HPMmSfix0dVLwg\/edit?usp=sharing\" target=\"_blank\" rel=\"noopener\">Espa\u00f1ol<\/a><\/span><\/p>\n<p><span style=\"font-weight: 400\">November 4, 2024 &#8211; <a href=\"https:\/\/docs.google.com\/document\/d\/1HxhL4yoDr6S6CjV5D5YQ2QrbIa5T64QdxvYXZPRMZXU\/edit?usp=sharing\" target=\"_blank\" rel=\"noopener\">English<\/a> | <a href=\"https:\/\/docs.google.com\/document\/d\/1uyo97T-tAz7N-TR0WEACA60UnJbxNp3GWj_Otvwra1o\/edit?usp=sharing\" target=\"_blank\" rel=\"noopener\">Espa\u00f1ol<\/a><\/span><\/p>\n<p>&nbsp;<\/p>\n<h3><b>1st Quarter 9.3.24 &#8211; 11.4.24<\/b><\/h3>\n<p><span style=\"font-weight: 400\">October 28, 2024\u00a0 &#8211; <a href=\"https:\/\/docs.google.com\/document\/d\/1rj4Jw6O7DsfwUsJttmgj_zhzEnE3r1or60sjnQ9-69I\/edit?usp=sharing\" target=\"_blank\" rel=\"noopener\">English<\/a> | <a href=\"https:\/\/docs.google.com\/document\/d\/1g_MKInAl2gAA9WiqdNiBcobVZo9qyNlEqoSNj8gJnJ4\/edit?usp=sharing\" target=\"_blank\" rel=\"noopener\">Espa\u00f1ol<\/a><\/span><\/p>\n<p><span style=\"font-weight: 400\">October 21, 2024\u00a0 &#8211; <a href=\"https:\/\/docs.google.com\/document\/d\/1OI7U8CBZLmurmkNxirR9MOwumwEqNdXqdosnJcoALQ4\/edit?usp=sharing\" target=\"_blank\" rel=\"noopener\">English<\/a> | <a href=\"https:\/\/docs.google.com\/document\/d\/1OI7U8CBZLmurmkNxirR9MOwumwEqNdXqdosnJcoALQ4\/edit?usp=sharing\" target=\"_blank\" rel=\"noopener\">Espa\u00f1ol<\/a><\/span><\/p>\n<p><span style=\"font-weight: 400\">October 14, 2024\u00a0 &#8211; <a href=\"https:\/\/docs.google.com\/document\/d\/1AQg7bYVJWZHadAlm8nTYmEv6deVO8x2Pzc0VZhfH4D8\/edit?usp=sharing\" target=\"_blank\" rel=\"noopener\">English<\/a> | <a href=\"https:\/\/docs.google.com\/document\/d\/1MZcO1GfwHEXeVDBNNYB7Pj0TJ--SgX-f2BD626lIz4g\/edit?usp=sharing\" target=\"_blank\" rel=\"noopener\">Espa\u00f1ol<\/a><\/span><\/p>\n<p><span style=\"font-weight: 400\">October 7, 2024\u00a0 &#8211; <a href=\"https:\/\/docs.google.com\/document\/d\/1XtymG1Z1NGvKMLYohNGGFawYb_IErmitHsq43T7psMM\/edit?usp=sharing\" target=\"_blank\" rel=\"noopener\">English<\/a> | <a href=\"https:\/\/docs.google.com\/document\/d\/1ymGpzE5XAwDx06XTUtwd4xTW0q5KcreLcMaPXjoykmE\/edit?usp=sharing\" target=\"_blank\" rel=\"noopener\">Espa\u00f1ol<\/a><\/span><\/p>\n<p><span style=\"font-weight: 400\">September 30, 2024\u00a0 &#8211; <a href=\"https:\/\/docs.google.com\/document\/d\/1zDhTC5WgaMGWRUUH2MDV89CgQmAULeK2IIV4xWPsmzM\/edit?usp=sharing\" target=\"_blank\" rel=\"noopener\">English<\/a> | <a href=\"https:\/\/docs.google.com\/document\/d\/1OTkFjdcvGkZyx_w_no5NJXsc4F76jakISQ27H833cuk\/edit?usp=sharing\" target=\"_blank\" rel=\"noopener\">Espa\u00f1ol<\/a><\/span><\/p>\n<p><span style=\"font-weight: 400\">September 23, 2024\u00a0 &#8211; <a href=\"https:\/\/docs.google.com\/document\/d\/1u7ayitBRojS7pMZQVd1iVBrYhwX7nrE7a4whO5kgB5A\/edit?usp=sharing\" target=\"_blank\" rel=\"noopener\">English<\/a> | <a href=\"https:\/\/docs.google.com\/document\/d\/1l1NSZOygprnXzIE_o_3JLdCnrGVk6EzeBisOe5f-roo\/edit?usp=sharing\" target=\"_blank\" rel=\"noopener\">Espa\u00f1ol<\/a><\/span><\/p>\n<p><span style=\"font-weight: 400\">September 16, 2024\u00a0 &#8211; <a href=\"https:\/\/docs.google.com\/document\/d\/1Mmh_ynr0VbKQG9MPNf3GtveMjXgCV_EGFArIBrPxPz4\/edit\" target=\"_blank\" rel=\"noopener\">English<\/a> | <a href=\"https:\/\/docs.google.com\/document\/d\/1_wlaObGqDaH5oXSQ5UIL8ltIC_LhFKeB5I_h52HZ3xY\/edit\" target=\"_blank\" rel=\"noopener\">Espa\u00f1ol<\/a><\/span><\/p>\n<p><span style=\"font-weight: 400\">September 9, 2024\u00a0 &#8211; <a href=\"https:\/\/docs.google.com\/document\/d\/1x0DOATDk3j-OD5TxfbFG3rCRoOiUvNlD1blXDF0dSEU\/edit?usp=sharing\" target=\"_blank\" rel=\"noopener\">English<\/a> | <a href=\"https:\/\/docs.google.com\/document\/d\/1Hapv_lfdsNppIiZjwf9Vd6Iabj2mMID0hYbhpeqvny0\/edit?usp=sharing\" target=\"_blank\" rel=\"noopener\">Espa\u00f1ol<\/a><\/span><\/p>\n<p><span style=\"font-weight: 400\">September 1, 2024\u00a0 &#8211;<\/span> <a href=\"https:\/\/docs.google.com\/document\/d\/1VRsx53fg_43Vjyn6d5YDAVKYKDItzmdkK-rPddAdOOE\/edit?usp=sharing\" target=\"_blank\" rel=\"noopener\"><span style=\"font-weight: 400\">English<\/span><\/a><span style=\"font-weight: 400\"> | <\/span><a href=\"https:\/\/docs.google.com\/document\/d\/1A29HSYay5YcO4y8D_46MKNMZeXCOC14KYUP92OrKM10\/edit?usp=sharing\" target=\"_blank\" rel=\"noopener\"><span style=\"font-weight: 400\">Espa\u00f1ol<\/span><\/a><\/p>\n<p>&nbsp;<\/p>\n<h3><strong>Summer- 2024<\/strong><\/h3>\n<p><span style=\"font-weight: 400\">August 22, 2024 &#8211; <\/span><a href=\"https:\/\/docs.google.com\/document\/d\/1eUxgbl6JR5n55jYXRxc2l9vw-7TEJ8mv1-Bit61azcE\/edit\" target=\"_blank\" rel=\"noopener\"><span style=\"font-weight: 400\">English<\/span><\/a><span style=\"font-weight: 400\"> | <\/span><a href=\"https:\/\/docs.google.com\/document\/d\/1BM2FHyZjRK4XxM7sVfAiU5rrRC1S5D1EjOrTZpoQfSU\/edit\" target=\"_blank\" rel=\"noopener\"><span style=\"font-weight: 400\">Espa\u00f1ol<\/span><\/a><\/p>\n<p><span style=\"font-weight: 400\">August 2, 2024 &#8211; <\/span><a href=\"https:\/\/docs.google.com\/document\/d\/1jnmW6pESp6pIXSxvURTn_395wPbGp6Ba9VQLLJNNOw8\/edit\" target=\"_blank\" rel=\"noopener\"><span style=\"font-weight: 400\">English<\/span><\/a><span style=\"font-weight: 400\"> | <\/span><a href=\"https:\/\/docs.google.com\/document\/d\/1HeWgCqQiARZLq-dIM1yNm7cGyinjOuldpCXzajKsgJQ\/edit\" target=\"_blank\" rel=\"noopener\"><span style=\"font-weight: 400\">Espa\u00f1ol<\/span><\/a><\/p>\n<p><span style=\"font-weight: 400\">July 9, 2024 &#8211; <\/span><a href=\"https:\/\/docs.google.com\/document\/d\/1OJuywXW8ZaAii8VGHGjs7sH6098_oQ61qWyAeRswUOA\/edit\" target=\"_blank\" rel=\"noopener\"><span style=\"font-weight: 400\">English<\/span><\/a><span style=\"font-weight: 400\"> | <\/span><a href=\"https:\/\/docs.google.com\/document\/d\/14iDD7a70VSrAnnkkQfnx1lnRpy29eo4Zff97PpnewuU\/edit\" target=\"_blank\" rel=\"noopener\"><span style=\"font-weight: 400\">Espa\u00f1ol<\/span><\/a><\/p>\n","protected":false},"excerpt":{"rendered":"<p>4th Quarter 4.2.25 &#8211; 6.13.25 June 9, 2025 &#8211; English | Espa\u00f1ol June 2, 2025 &#8211; English | Espa\u00f1ol May 27, 2025 &#8211; English | Espa\u00f1ol May 19, 2025 &#8211; [&#8230;]\n","protected":false},"author":3,"featured_media":0,"parent":26,"menu_order":0,"comment_status":"closed","ping_status":"closed","template":"","meta":{"_acf_changed":false,"inline_featured_image":false,"footnotes":""},"class_list":["post-171","page","type-page","status-publish","hentry"],"acf":[],"_links":{"self":[{"href":"https:\/\/www.kusd.edu\/bullen\/wp-json\/wp\/v2\/pages\/171","targetHints":{"allow":["GET"]}}],"collection":[{"href":"https:\/\/www.kusd.edu\/bullen\/wp-json\/wp\/v2\/pages"}],"about":[{"href":"https:\/\/www.kusd.edu\/bullen\/wp-json\/wp\/v2\/types\/page"}],"author":[{"embeddable":true,"href":"https:\/\/www.kusd.edu\/bullen\/wp-json\/wp\/v2\/users\/3"}],"replies":[{"embeddable":true,"href":"https:\/\/www.kusd.edu\/bullen\/wp-json\/wp\/v2\/comments?post=171"}],"version-history":[{"count":102,"href":"https:\/\/www.kusd.edu\/bullen\/wp-json\/wp\/v2\/pages\/171\/revisions"}],"predecessor-version":[{"id":15960,"href":"https:\/\/www.kusd.edu\/bullen\/wp-json\/wp\/v2\/pages\/171\/revisions\/15960"}],"up":[{"embeddable":true,"href":"https:\/\/www.kusd.edu\/bullen\/wp-json\/wp\/v2\/pages\/26"}],"wp:attachment":[{"href":"https:\/\/www.kusd.edu\/bullen\/wp-json\/wp\/v2\/media?parent=171"}],"curies":[{"name":"wp","href":"https:\/\/api.w.org\/{rel}","templated":true}]}}